{"id":81,"date":"2022-06-13T09:44:20","date_gmt":"2022-06-13T12:44:20","guid":{"rendered":"https:\/\/casadoconstrutor.com\/es\/franquia\/?page_id=81"},"modified":"2024-03-13T14:37:58","modified_gmt":"2024-03-13T17:37:58","slug":"site-interno","status":"publish","type":"page","link":"https:\/\/casadoconstrutor.com\/es\/","title":{"rendered":"Home | Interno"},"content":{"rendered":"","protected":false},"excerpt":{"rendered":"","protected":false},"author":2,"featured_media":0,"parent":0,"menu_order":0,"comment_status":"closed","ping_status":"closed","template":"","meta":{"footnotes":""},"class_list":["post-81","page","type-page","status-publish","hentry"],"yoast_head":"<!-- This site is optimized with the Yoast SEO plugin v19.13 - https:\/\/yoast.com\/wordpress\/plugins\/seo\/ -->\n<title>Casa do Construtor \u2014 Franquia de aluguel de equipamentos<\/title>\n<meta name=\"description\" content=\"A franquia Casa do Construtor \u00e9 um modelo de neg\u00f3cio especializado na loca\u00e7\u00e3o de m\u00e1quinas e equipamentos de pequeno porte para a constru\u00e7\u00e3o civil.\" \/>\n<meta name=\"robots\" content=\"index, follow, max-snippet:-1, max-image-preview:large, max-video-preview:-1\" \/>\n<link rel=\"canonical\" href=\"https:\/\/casadoconstrutor.com\/es\/\" \/>\n<meta property=\"og:locale\" content=\"pt_BR\" \/>\n<meta property=\"og:type\" content=\"article\" \/>\n<meta property=\"og:title\" content=\"Casa do Construtor \u2014 Franquia de aluguel de equipamentos\" \/>\n<meta property=\"og:description\" content=\"A franquia Casa do Construtor \u00e9 um modelo de neg\u00f3cio especializado na loca\u00e7\u00e3o de m\u00e1quinas e equipamentos de pequeno porte para a constru\u00e7\u00e3o civil.\" \/>\n<meta property=\"og:url\" content=\"https:\/\/casadoconstrutor.com\/es\/\" \/>\n<meta property=\"og:site_name\" content=\"Casa do Construtor Franquia\" \/>\n<meta property=\"article:modified_time\" content=\"2024-03-13T17:37:58+00:00\" \/>\n<meta name=\"twitter:card\" content=\"summary_large_image\" \/>\n<script type=\"application\/ld+json\" class=\"yoast-schema-graph\">{\"@context\":\"https:\/\/schema.org\",\"@graph\":[{\"@type\":\"WebPage\",\"@id\":\"https:\/\/casadoconstrutor.com\/es\/\",\"url\":\"https:\/\/casadoconstrutor.com\/es\/\",\"name\":\"Casa do Construtor \u2014 Franquia de aluguel de equipamentos\",\"isPartOf\":{\"@id\":\"https:\/\/casadoconstrutor.com\/es\/#website\"},\"datePublished\":\"2022-06-13T12:44:20+00:00\",\"dateModified\":\"2024-03-13T17:37:58+00:00\",\"description\":\"A franquia Casa do Construtor \u00e9 um modelo de neg\u00f3cio especializado na loca\u00e7\u00e3o de m\u00e1quinas e equipamentos de pequeno porte para a constru\u00e7\u00e3o civil.\",\"breadcrumb\":{\"@id\":\"https:\/\/casadoconstrutor.com\/es\/#breadcrumb\"},\"inLanguage\":\"pt-BR\",\"potentialAction\":[{\"@type\":\"ReadAction\",\"target\":[\"https:\/\/casadoconstrutor.com\/es\/\"]}]},{\"@type\":\"BreadcrumbList\",\"@id\":\"https:\/\/casadoconstrutor.com\/es\/#breadcrumb\",\"itemListElement\":[{\"@type\":\"ListItem\",\"position\":1,\"name\":\"In\u00edcio\",\"item\":\"https:\/\/casadoconstrutor.com\/es\/\"},{\"@type\":\"ListItem\",\"position\":2,\"name\":\"Home | Interno\"}]},{\"@type\":\"WebSite\",\"@id\":\"https:\/\/casadoconstrutor.com\/es\/#website\",\"url\":\"https:\/\/casadoconstrutor.com\/es\/\",\"name\":\"Casa do Construtor Franquia\",\"description\":\"Casa do Construtor | Franquia de Aluguel de Equipamentos\",\"potentialAction\":[{\"@type\":\"SearchAction\",\"target\":{\"@type\":\"EntryPoint\",\"urlTemplate\":\"https:\/\/casadoconstrutor.com\/es\/?s={search_term_string}\"},\"query-input\":\"required name=search_term_string\"}],\"inLanguage\":\"pt-BR\"}]}<\/script>\n<!-- \/ Yoast SEO plugin. -->","yoast_head_json":{"title":"Casa do Construtor \u2014 Franquia de aluguel de equipamentos","description":"A franquia Casa do Construtor \u00e9 um modelo de neg\u00f3cio especializado na loca\u00e7\u00e3o de m\u00e1quinas e equipamentos de pequeno porte para a constru\u00e7\u00e3o civil.","robots":{"index":"index","follow":"follow","max-snippet":"max-snippet:-1","max-image-preview":"max-image-preview:large","max-video-preview":"max-video-preview:-1"},"canonical":"https:\/\/casadoconstrutor.com\/es\/","og_locale":"pt_BR","og_type":"article","og_title":"Casa do Construtor \u2014 Franquia de aluguel de equipamentos","og_description":"A franquia Casa do Construtor \u00e9 um modelo de neg\u00f3cio especializado na loca\u00e7\u00e3o de m\u00e1quinas e equipamentos de pequeno porte para a constru\u00e7\u00e3o civil.","og_url":"https:\/\/casadoconstrutor.com\/es\/","og_site_name":"Casa do Construtor Franquia","article_modified_time":"2024-03-13T17:37:58+00:00","twitter_card":"summary_large_image","schema":{"@context":"https:\/\/schema.org","@graph":[{"@type":"WebPage","@id":"https:\/\/casadoconstrutor.com\/es\/","url":"https:\/\/casadoconstrutor.com\/es\/","name":"Casa do Construtor \u2014 Franquia de aluguel de equipamentos","isPartOf":{"@id":"https:\/\/casadoconstrutor.com\/es\/#website"},"datePublished":"2022-06-13T12:44:20+00:00","dateModified":"2024-03-13T17:37:58+00:00","description":"A franquia Casa do Construtor \u00e9 um modelo de neg\u00f3cio especializado na loca\u00e7\u00e3o de m\u00e1quinas e equipamentos de pequeno porte para a constru\u00e7\u00e3o civil.","breadcrumb":{"@id":"https:\/\/casadoconstrutor.com\/es\/#breadcrumb"},"inLanguage":"pt-BR","potentialAction":[{"@type":"ReadAction","target":["https:\/\/casadoconstrutor.com\/es\/"]}]},{"@type":"BreadcrumbList","@id":"https:\/\/casadoconstrutor.com\/es\/#breadcrumb","itemListElement":[{"@type":"ListItem","position":1,"name":"In\u00edcio","item":"https:\/\/casadoconstrutor.com\/es\/"},{"@type":"ListItem","position":2,"name":"Home | Interno"}]},{"@type":"WebSite","@id":"https:\/\/casadoconstrutor.com\/es\/#website","url":"https:\/\/casadoconstrutor.com\/es\/","name":"Casa do Construtor Franquia","description":"Casa do Construtor | Franquia de Aluguel de Equipamentos","potentialAction":[{"@type":"SearchAction","target":{"@type":"EntryPoint","urlTemplate":"https:\/\/casadoconstrutor.com\/es\/?s={search_term_string}"},"query-input":"required name=search_term_string"}],"inLanguage":"pt-BR"}]}},"_links":{"self":[{"href":"https:\/\/casadoconstrutor.com\/es\/wp-json\/wp\/v2\/pages\/81","targetHints":{"allow":["GET"]}}],"collection":[{"href":"https:\/\/casadoconstrutor.com\/es\/wp-json\/wp\/v2\/pages"}],"about":[{"href":"https:\/\/casadoconstrutor.com\/es\/wp-json\/wp\/v2\/types\/page"}],"author":[{"embeddable":true,"href":"https:\/\/casadoconstrutor.com\/es\/wp-json\/wp\/v2\/users\/2"}],"replies":[{"embeddable":true,"href":"https:\/\/casadoconstrutor.com\/es\/wp-json\/wp\/v2\/comments?post=81"}],"version-history":[{"count":39,"href":"https:\/\/casadoconstrutor.com\/es\/wp-json\/wp\/v2\/pages\/81\/revisions"}],"predecessor-version":[{"id":301,"href":"https:\/\/casadoconstrutor.com\/es\/wp-json\/wp\/v2\/pages\/81\/revisions\/301"}],"wp:attachment":[{"href":"https:\/\/casadoconstrutor.com\/es\/wp-json\/wp\/v2\/media?parent=81"}],"curies":[{"name":"wp","href":"https:\/\/api.w.org\/{rel}","templated":true}]}}